{"id":140,"date":"2025-10-09T11:29:23","date_gmt":"2025-10-09T09:29:23","guid":{"rendered":"https:\/\/szigeteloszakik.hu\/?page_id=140"},"modified":"2025-10-10T09:26:20","modified_gmt":"2025-10-10T07:26:20","slug":"gyik","status":"publish","type":"page","link":"https:\/\/szigeteloszakik.hu\/?page_id=140","title":{"rendered":"GYIK"},"content":{"rendered":"\t\t<div data-elementor-type=\"wp-page\" data-elementor-id=\"140\" class=\"elementor elementor-140\" data-elementor-post-type=\"page\">\n\t\t\t\t<div class=\"elementor-element elementor-element-5a0a5166 e-flex e-con-boxed e-con e-parent\" data-id=\"5a0a5166\" data-element_type=\"container\" data-settings=\"{&quot;background_background&quot;:&quot;classic&quot;}\">\n\t\t\t\t\t<div class=\"e-con-inner\">\n\t\t<div class=\"elementor-element elementor-element-166777e3 e-con-full e-flex e-con e-child\" data-id=\"166777e3\" data-element_type=\"container\">\n\t\t\t\t<div class=\"elementor-element elementor-element-4cd135a4 elementor-invisible elementor-widget elementor-widget-heading\" data-id=\"4cd135a4\" data-element_type=\"widget\" data-settings=\"{&quot;_animation&quot;:&quot;fadeInUp&quot;,&quot;_animation_delay&quot;:200}\" data-widget_type=\"heading.default\">\n\t\t\t\t\t<h1 class=\"elementor-heading-title elementor-size-default\">GYIK<\/h1>\t\t\t\t<\/div>\n\t\t\t\t<\/div>\n\t\t\t\t\t<\/div>\n\t\t\t\t<\/div>\n\t\t<div class=\"elementor-element elementor-element-f89a7f5 e-flex e-con-boxed e-con e-parent\" data-id=\"f89a7f5\" data-element_type=\"container\">\n\t\t\t\t\t<div class=\"e-con-inner\">\n\t\t\t\t<div class=\"elementor-element elementor-element-25933ba elementor-tablet-align-justify elementor-button-warning elementor-align-center elementor-widget elementor-widget-button\" data-id=\"25933ba\" data-element_type=\"widget\" data-widget_type=\"button.default\">\n\t\t\t\t\t\t\t\t\t\t<a class=\"elementor-button elementor-button-link elementor-size-sm\" href=\"tel:+36301241548\">\n\t\t\t\t\t\t<span class=\"elementor-button-content-wrapper\">\n\t\t\t\t\t\t<span class=\"elementor-button-icon\">\n\t\t\t\t<i aria-hidden=\"true\" class=\"icon icon-phone1\"><\/i>\t\t\t<\/span>\n\t\t\t\t\t\t\t\t\t<span class=\"elementor-button-text\">Ingyenes \u00e1raj\u00e1nlat\u00e9rt kattintson!<\/span>\n\t\t\t\t\t<\/span>\n\t\t\t\t\t<\/a>\n\t\t\t\t\t\t\t\t<\/div>\n\t\t\t\t\t<\/div>\n\t\t\t\t<\/div>\n\t\t<div class=\"elementor-element elementor-element-c6d993a e-con-full e-flex elementor-invisible e-con e-child\" data-id=\"c6d993a\" data-element_type=\"container\" data-settings=\"{&quot;animation&quot;:&quot;fadeInLeft&quot;}\">\n\t\t\t\t<div class=\"elementor-element elementor-element-349bd1b elementor-widget elementor-widget-heading\" data-id=\"349bd1b\" data-element_type=\"widget\" data-widget_type=\"heading.default\">\n\t\t\t\t\t<h2 class=\"elementor-heading-title elementor-size-default\">Gyakran Ism\u00e9telt K\u00e9rd\u00e9sek<\/h2>\t\t\t\t<\/div>\n\t\t\t\t<div class=\"elementor-element elementor-element-b573a48 elementor-widget elementor-widget-n-accordion\" data-id=\"b573a48\" data-element_type=\"widget\" data-settings=\"{&quot;default_state&quot;:&quot;expanded&quot;,&quot;max_items_expended&quot;:&quot;one&quot;,&quot;n_accordion_animation_duration&quot;:{&quot;unit&quot;:&quot;ms&quot;,&quot;size&quot;:400,&quot;sizes&quot;:[]}}\" data-widget_type=\"nested-accordion.default\">\n\t\t\t\t\t\t\t<div class=\"e-n-accordion\" aria-label=\"Accordion. Open links with Enter or Space, close with Escape, and navigate with Arrow Keys\">\n\t\t\t\t\t\t<details id=\"e-n-accordion-item-1900\" class=\"e-n-accordion-item\" open>\n\t\t\t\t<summary class=\"e-n-accordion-item-title\" data-accordion-index=\"1\" tabindex=\"0\" aria-expanded=\"true\" aria-controls=\"e-n-accordion-item-1900\" >\n\t\t\t\t\t<span class='e-n-accordion-item-title-header'><div class=\"e-n-accordion-item-title-text\"> Mennyibe ker\u00fcl a padl\u00e1sszigetel\u00e9s f\u00fajhat\u00f3 \u00fcveggyapottal? <\/div><\/span>\n\t\t\t\t\t\t\t<span class='e-n-accordion-item-title-icon'>\n\t\t\t<span class='e-opened' ><i aria-hidden=\"true\" class=\"mdi mdi-minus-circle\"><\/i><\/span>\n\t\t\t<span class='e-closed'><i aria-hidden=\"true\" class=\"mdi mdi-plus-circle-outline\"><\/i><\/span>\n\t\t<\/span>\n\n\t\t\t\t\t\t<\/summary>\n\t\t\t\t<div role=\"region\" aria-labelledby=\"e-n-accordion-item-1900\" class=\"elementor-element elementor-element-03f5ad0 e-con-full e-flex e-con e-child\" data-id=\"03f5ad0\" data-element_type=\"container\">\n\t\t\t\t<div class=\"elementor-element elementor-element-9f6d125 elementor-widget elementor-widget-heading\" data-id=\"9f6d125\" data-element_type=\"widget\" data-widget_type=\"heading.default\">\n\t\t\t\t\t<div class=\"elementor-heading-title elementor-size-default\">Az \u00e1r f\u00fcgg a szigetelend\u0151 fel\u00fclet nagys\u00e1g\u00e1t\u00f3l, a r\u00e9gi szigetel\u00e9s \u00e1llapot\u00e1t\u00f3l \u00e9s a r\u00e9tegrendt\u0151l. Ingyenes helysz\u00edni felm\u00e9r\u00e9s ut\u00e1n pontos \u00e1raj\u00e1nlatot adunk, rejtett k\u00f6lts\u00e9gek n\u00e9lk\u00fcl.<\/div>\t\t\t\t<\/div>\n\t\t\t\t<\/div>\n\t\t\t\t\t<\/details>\n\t\t\t\t\t\t<details id=\"e-n-accordion-item-1901\" class=\"e-n-accordion-item\" >\n\t\t\t\t<summary class=\"e-n-accordion-item-title\" data-accordion-index=\"2\" tabindex=\"-1\" aria-expanded=\"false\" aria-controls=\"e-n-accordion-item-1901\" >\n\t\t\t\t\t<span class='e-n-accordion-item-title-header'><div class=\"e-n-accordion-item-title-text\"> Mennyi id\u0151 alatt k\u00e9sz\u00fcl el a szigetel\u00e9s? <\/div><\/span>\n\t\t\t\t\t\t\t<span class='e-n-accordion-item-title-icon'>\n\t\t\t<span class='e-opened' ><i aria-hidden=\"true\" class=\"mdi mdi-minus-circle\"><\/i><\/span>\n\t\t\t<span class='e-closed'><i aria-hidden=\"true\" class=\"mdi mdi-plus-circle-outline\"><\/i><\/span>\n\t\t<\/span>\n\n\t\t\t\t\t\t<\/summary>\n\t\t\t\t<div role=\"region\" aria-labelledby=\"e-n-accordion-item-1901\" class=\"elementor-element elementor-element-9724841 e-con-full e-flex e-con e-child\" data-id=\"9724841\" data-element_type=\"container\">\n\t\t\t\t<div class=\"elementor-element elementor-element-0692261 elementor-widget elementor-widget-heading\" data-id=\"0692261\" data-element_type=\"widget\" data-widget_type=\"heading.default\">\n\t\t\t\t\t<div class=\"elementor-heading-title elementor-size-default\">A legt\u00f6bb esetben egy nap alatt elv\u00e9gezz\u00fck a teljes munk\u00e1t.\nA f\u00fajhat\u00f3 \u00fcveggyapot technol\u00f3gia gyors, tiszta \u00e9s nem ig\u00e9nyel bont\u00e1st.<\/div>\t\t\t\t<\/div>\n\t\t\t\t<\/div>\n\t\t\t\t\t<\/details>\n\t\t\t\t\t\t<details id=\"e-n-accordion-item-1902\" class=\"e-n-accordion-item\" >\n\t\t\t\t<summary class=\"e-n-accordion-item-title\" data-accordion-index=\"3\" tabindex=\"-1\" aria-expanded=\"false\" aria-controls=\"e-n-accordion-item-1902\" >\n\t\t\t\t\t<span class='e-n-accordion-item-title-header'><div class=\"e-n-accordion-item-title-text\"> Ki kell pakolni a padl\u00e1st vagy a tet\u0151teret el\u0151tte? <\/div><\/span>\n\t\t\t\t\t\t\t<span class='e-n-accordion-item-title-icon'>\n\t\t\t<span class='e-opened' ><i aria-hidden=\"true\" class=\"mdi mdi-minus-circle\"><\/i><\/span>\n\t\t\t<span class='e-closed'><i aria-hidden=\"true\" class=\"mdi mdi-plus-circle-outline\"><\/i><\/span>\n\t\t<\/span>\n\n\t\t\t\t\t\t<\/summary>\n\t\t\t\t<div role=\"region\" aria-labelledby=\"e-n-accordion-item-1902\" class=\"elementor-element elementor-element-22391b6 e-con-full e-flex e-con e-child\" data-id=\"22391b6\" data-element_type=\"container\">\n\t\t\t\t<div class=\"elementor-element elementor-element-00a5c04 elementor-widget elementor-widget-heading\" data-id=\"00a5c04\" data-element_type=\"widget\" data-widget_type=\"heading.default\">\n\t\t\t\t\t<div class=\"elementor-heading-title elementor-size-default\">Nem sz\u00fcks\u00e9ges!\nA szigetel\u0151anyagot speci\u00e1lis cs\u00f6v\u00f6n kereszt\u00fcl f\u00fajjuk be, \u00edgy a legt\u00f6bb esetben nem kell kipakolni.\nCsak akkor, ha a padl\u00e1son akad\u00e1lyoz\u00f3 t\u00e1rgyak vannak a f\u00f6d\u00e9men.<\/div>\t\t\t\t<\/div>\n\t\t\t\t<\/div>\n\t\t\t\t\t<\/details>\n\t\t\t\t\t\t<details id=\"e-n-accordion-item-1903\" class=\"e-n-accordion-item\" >\n\t\t\t\t<summary class=\"e-n-accordion-item-title\" data-accordion-index=\"4\" tabindex=\"-1\" aria-expanded=\"false\" aria-controls=\"e-n-accordion-item-1903\" >\n\t\t\t\t\t<span class='e-n-accordion-item-title-header'><div class=\"e-n-accordion-item-title-text\"> Mi\u00e9rt jobb a f\u00fajhat\u00f3 \u00fcveggyapot a hagyom\u00e1nyos tekercses megold\u00e1sn\u00e1l? <\/div><\/span>\n\t\t\t\t\t\t\t<span class='e-n-accordion-item-title-icon'>\n\t\t\t<span class='e-opened' ><i aria-hidden=\"true\" class=\"mdi mdi-minus-circle\"><\/i><\/span>\n\t\t\t<span class='e-closed'><i aria-hidden=\"true\" class=\"mdi mdi-plus-circle-outline\"><\/i><\/span>\n\t\t<\/span>\n\n\t\t\t\t\t\t<\/summary>\n\t\t\t\t<div role=\"region\" aria-labelledby=\"e-n-accordion-item-1903\" class=\"elementor-element elementor-element-532334e e-con-full e-flex e-con e-child\" data-id=\"532334e\" data-element_type=\"container\">\n\t\t\t\t<div class=\"elementor-element elementor-element-cd97b53 elementor-widget elementor-widget-heading\" data-id=\"cd97b53\" data-element_type=\"widget\" data-widget_type=\"heading.default\">\n\t\t\t\t\t<div class=\"elementor-heading-title elementor-size-default\">Mert h\u00e9zagmentesen kit\u00f6lti a padl\u00e1s vagy tet\u0151t\u00e9r minden r\u00e9sz\u00e9t, ahol a tekercses anyag h\u00e9zagokat hagyhat.\nNem \u00fclepszik, nem roskad meg, \u00e9s \u00e9vtizedekig meg\u0151rzi h\u0151szigetel\u0151 tulajdons\u00e1g\u00e1t.<\/div>\t\t\t\t<\/div>\n\t\t\t\t<\/div>\n\t\t\t\t\t<\/details>\n\t\t\t\t\t\t<details id=\"e-n-accordion-item-1904\" class=\"e-n-accordion-item\" >\n\t\t\t\t<summary class=\"e-n-accordion-item-title\" data-accordion-index=\"5\" tabindex=\"-1\" aria-expanded=\"false\" aria-controls=\"e-n-accordion-item-1904\" >\n\t\t\t\t\t<span class='e-n-accordion-item-title-header'><div class=\"e-n-accordion-item-title-text\"> Lehet-e ut\u00f3lag szigetelni a tet\u0151teret bont\u00e1s n\u00e9lk\u00fcl? <\/div><\/span>\n\t\t\t\t\t\t\t<span class='e-n-accordion-item-title-icon'>\n\t\t\t<span class='e-opened' ><i aria-hidden=\"true\" class=\"mdi mdi-minus-circle\"><\/i><\/span>\n\t\t\t<span class='e-closed'><i aria-hidden=\"true\" class=\"mdi mdi-plus-circle-outline\"><\/i><\/span>\n\t\t<\/span>\n\n\t\t\t\t\t\t<\/summary>\n\t\t\t\t<div role=\"region\" aria-labelledby=\"e-n-accordion-item-1904\" class=\"elementor-element elementor-element-3cc1c34 e-con-full e-flex e-con e-child\" data-id=\"3cc1c34\" data-element_type=\"container\">\n\t\t\t\t<div class=\"elementor-element elementor-element-edb4643 elementor-widget elementor-widget-heading\" data-id=\"edb4643\" data-element_type=\"widget\" data-widget_type=\"heading.default\">\n\t\t\t\t\t<div class=\"elementor-heading-title elementor-size-default\">Igen, ez a f\u00fajhat\u00f3 szigetel\u00e9s legnagyobb el\u0151nye.\nAz anyagot a gipszkarton m\u00f6g\u00e9, a szaruf\u00e1k k\u00f6z\u00e9 vagy f\u00f6l\u00e9 juttatjuk be, \u00edgy nem kell megbontani a szerkezetet.<\/div>\t\t\t\t<\/div>\n\t\t\t\t<\/div>\n\t\t\t\t\t<\/details>\n\t\t\t\t\t<\/div>\n\t\t\t\t\t\t<\/div>\n\t\t\t\t<\/div>\n\t\t\t\t<\/div>\n\t\t","protected":false},"excerpt":{"rendered":"<p>Ingyenes \u00e1raj\u00e1nlat\u00e9rt kattintson! Gyakran Ism\u00e9telt K\u00e9rd\u00e9sek Mennyibe ker\u00fcl a padl\u00e1sszigetel\u00e9s f\u00fajhat\u00f3 \u00fcveggyapottal? Az \u00e1r f\u00fcgg a szigetelend\u0151 fel\u00fclet nagys\u00e1g\u00e1t\u00f3l, a r\u00e9gi szigetel\u00e9s \u00e1llapot\u00e1t\u00f3l \u00e9s a r\u00e9tegrendt\u0151l. Ingyenes helysz\u00edni felm\u00e9r\u00e9s ut\u00e1n pontos \u00e1raj\u00e1nlatot adunk, rejtett k\u00f6lts\u00e9gek n\u00e9lk\u00fcl. Mennyi id\u0151 alatt k\u00e9sz\u00fcl el a szigetel\u00e9s? A legt\u00f6bb esetben egy nap alatt elv\u00e9gezz\u00fck a teljes munk\u00e1t. A f\u00fajhat\u00f3 [&hellip;]<\/p>\n","protected":false},"author":1,"featured_media":0,"parent":0,"menu_order":0,"comment_status":"closed","ping_status":"closed","template":"elementor_header_footer","meta":{"footnotes":""},"class_list":["post-140","page","type-page","status-publish","hentry"],"_links":{"self":[{"href":"https:\/\/szigeteloszakik.hu\/index.php?rest_route=\/wp\/v2\/pages\/140","targetHints":{"allow":["GET"]}}],"collection":[{"href":"https:\/\/szigeteloszakik.hu\/index.php?rest_route=\/wp\/v2\/pages"}],"about":[{"href":"https:\/\/szigeteloszakik.hu\/index.php?rest_route=\/wp\/v2\/types\/page"}],"author":[{"embeddable":true,"href":"https:\/\/szigeteloszakik.hu\/index.php?rest_route=\/wp\/v2\/users\/1"}],"replies":[{"embeddable":true,"href":"https:\/\/szigeteloszakik.hu\/index.php?rest_route=%2Fwp%2Fv2%2Fcomments&post=140"}],"version-history":[{"count":4,"href":"https:\/\/szigeteloszakik.hu\/index.php?rest_route=\/wp\/v2\/pages\/140\/revisions"}],"predecessor-version":[{"id":291,"href":"https:\/\/szigeteloszakik.hu\/index.php?rest_route=\/wp\/v2\/pages\/140\/revisions\/291"}],"wp:attachment":[{"href":"https:\/\/szigeteloszakik.hu\/index.php?rest_route=%2Fwp%2Fv2%2Fmedia&parent=140"}],"curies":[{"name":"wp","href":"https:\/\/api.w.org\/{rel}","templated":true}]}}