{"id":136,"date":"2025-10-09T11:29:06","date_gmt":"2025-10-09T09:29:06","guid":{"rendered":"https:\/\/szigeteloszakik.hu\/?page_id=136"},"modified":"2025-10-09T12:26:02","modified_gmt":"2025-10-09T10:26:02","slug":"hokameras-felmeres","status":"publish","type":"page","link":"https:\/\/szigeteloszakik.hu\/?page_id=136","title":{"rendered":"H\u0151kamer\u00e1s felm\u00e9r\u00e9s"},"content":{"rendered":"\t\t<div data-elementor-type=\"wp-page\" data-elementor-id=\"136\" class=\"elementor elementor-136\" data-elementor-post-type=\"page\">\n\t\t\t\t<div class=\"elementor-element elementor-element-71d69087 e-flex e-con-boxed e-con e-parent\" data-id=\"71d69087\" data-element_type=\"container\" data-settings=\"{&quot;background_background&quot;:&quot;classic&quot;}\">\n\t\t\t\t\t<div class=\"e-con-inner\">\n\t\t<div class=\"elementor-element elementor-element-428a9810 e-con-full e-flex e-con e-child\" data-id=\"428a9810\" data-element_type=\"container\">\n\t\t\t\t<div class=\"elementor-element elementor-element-b6f1285 elementor-invisible elementor-widget elementor-widget-heading\" data-id=\"b6f1285\" data-element_type=\"widget\" data-settings=\"{&quot;_animation&quot;:&quot;fadeInUp&quot;,&quot;_animation_delay&quot;:200}\" data-widget_type=\"heading.default\">\n\t\t\t\t\t<h1 class=\"elementor-heading-title elementor-size-default\">H\u0151kamer\u00e1s felm\u00e9r\u00e9s<\/h1>\t\t\t\t<\/div>\n\t\t\t\t<div class=\"elementor-element elementor-element-6c3263f8 elementor-invisible elementor-widget elementor-widget-heading\" data-id=\"6c3263f8\" data-element_type=\"widget\" data-settings=\"{&quot;_animation&quot;:&quot;fadeInUp&quot;,&quot;_animation_delay&quot;:200}\" data-widget_type=\"heading.default\">\n\t\t\t\t\t<div class=\"elementor-heading-title elementor-size-default\">Tudja meg, hol sz\u00f6kik el a meleg otthon\u00e1b\u00f3l!\n\nA h\u0151kamer\u00e1s vizsg\u00e1lat egy gyors, pontos \u00e9s megb\u00edzhat\u00f3 m\u00f3dszer arra, hogy felt\u00e1rjuk az \u00e9p\u00fclet h\u0151vesztes\u00e9gi pontjait.<\/div>\t\t\t\t<\/div>\n\t\t\t\t<\/div>\n\t\t\t\t\t<\/div>\n\t\t\t\t<\/div>\n\t\t<div class=\"elementor-element elementor-element-8008590 e-flex e-con-boxed e-con e-parent\" data-id=\"8008590\" data-element_type=\"container\">\n\t\t\t\t\t<div class=\"e-con-inner\">\n\t\t\t\t<div class=\"elementor-element elementor-element-b92705c elementor-tablet-align-justify elementor-button-warning elementor-align-center elementor-widget elementor-widget-button\" data-id=\"b92705c\" data-element_type=\"widget\" data-widget_type=\"button.default\">\n\t\t\t\t\t\t\t\t\t\t<a class=\"elementor-button elementor-button-link elementor-size-sm\" href=\"tel:+36301241548\">\n\t\t\t\t\t\t<span class=\"elementor-button-content-wrapper\">\n\t\t\t\t\t\t<span class=\"elementor-button-icon\">\n\t\t\t\t<i aria-hidden=\"true\" class=\"icon icon-phone1\"><\/i>\t\t\t<\/span>\n\t\t\t\t\t\t\t\t\t<span class=\"elementor-button-text\">Ingyenes \u00e1raj\u00e1nlat\u00e9rt kattintson!<\/span>\n\t\t\t\t\t<\/span>\n\t\t\t\t\t<\/a>\n\t\t\t\t\t\t\t\t<\/div>\n\t\t\t\t\t<\/div>\n\t\t\t\t<\/div>\n\t\t<div class=\"elementor-element elementor-element-d092c57 e-con-full e-flex e-con e-child\" data-id=\"d092c57\" data-element_type=\"container\">\n\t\t\t\t<div class=\"elementor-element elementor-element-07fa789 elementor-widget elementor-widget-heading\" data-id=\"07fa789\" data-element_type=\"widget\" data-widget_type=\"heading.default\">\n\t\t\t\t\t<h4 class=\"elementor-heading-title elementor-size-default\">H\u0151kamer\u00e1s felm\u00e9r\u00e9s \u2013 pontos diagn\u00f3zis a szigetel\u00e9s el\u0151tt<\/h4>\t\t\t\t<\/div>\n\t\t\t\t<div class=\"elementor-element elementor-element-cebe863 elementor-widget elementor-widget-heading\" data-id=\"cebe863\" data-element_type=\"widget\" data-widget_type=\"heading.default\">\n\t\t\t\t\t<div class=\"elementor-heading-title elementor-size-default\"><h4 data-start=\"1082\" data-end=\"1120\"><strong data-start=\"1088\" data-end=\"1120\">Mi az a h\u0151kamer\u00e1s vizsg\u00e1lat?<\/strong><\/h4>\n<p data-start=\"1122\" data-end=\"1298\">A h\u0151kamer\u00e1s vizsg\u00e1lat sor\u00e1n egy <strong data-start=\"1154\" data-end=\"1178\">infrav\u00f6r\u00f6s kamer\u00e1val<\/strong> r\u00f6gz\u00edtj\u00fck az \u00e9p\u00fclet h\u0151m\u00e9rs\u00e9kleti k\u00e9peit.<br data-start=\"1219\" data-end=\"1222\" \/>A k\u00fcl\u00f6nb\u00f6z\u0151 sz\u00ednek \u00e9s \u00e1rnyalatok seg\u00edts\u00e9g\u00e9vel azonnal l\u00e1that\u00f3v\u00e1 v\u00e1lik, hogy:<\/p>\n\n<ul>\n \t<li data-start=\"1301\" data-end=\"1324\">hol <strong data-start=\"1305\" data-end=\"1321\">t\u00e1vozik a h\u0151<\/strong>,<\/li>\n \t<li data-start=\"1327\" data-end=\"1356\">hol <strong data-start=\"1331\" data-end=\"1353\">rossz a szigetel\u00e9s<\/strong>,<\/li>\n \t<li data-start=\"1359\" data-end=\"1418\">hol alakul ki <strong data-start=\"1373\" data-end=\"1415\">p\u00e1ralecsap\u00f3d\u00e1s vagy pen\u00e9szed\u00e9s vesz\u00e9ly<\/strong>,<\/li>\n \t<li data-start=\"1421\" data-end=\"1487\">illetve <strong data-start=\"1429\" data-end=\"1469\">melyik fal-, tet\u0151- vagy f\u00f6d\u00e9mszakasz<\/strong> ig\u00e9nyel jav\u00edt\u00e1st.<\/li>\n<\/ul>\n<p data-start=\"1489\" data-end=\"1603\">A m\u00e9r\u00e9st <strong data-start=\"1498\" data-end=\"1528\">k\u00fcls\u0151 \u00e9s bels\u0151 oldalr\u00f3l is<\/strong> elv\u00e9gezz\u00fck, hogy teljes k\u00e9pet kapjunk az ingatlan h\u0151technikai \u00e1llapot\u00e1r\u00f3l.<\/p><\/div>\t\t\t\t<\/div>\n\t\t\t\t<div class=\"elementor-element elementor-element-ac31d0d elementor-widget elementor-widget-image\" data-id=\"ac31d0d\" data-element_type=\"widget\" data-widget_type=\"image.default\">\n\t\t\t\t\t\t\t\t\t\t\t\t\t\t\t<img fetchpriority=\"high\" decoding=\"async\" width=\"2048\" height=\"921\" src=\"https:\/\/szigeteloszakik.hu\/wp-content\/uploads\/2025\/10\/51ff53ed-e612-4c00-8781-6d08d9c7ec2b.jpeg\" class=\"attachment-full size-full wp-image-167\" alt=\"\" srcset=\"https:\/\/szigeteloszakik.hu\/wp-content\/uploads\/2025\/10\/51ff53ed-e612-4c00-8781-6d08d9c7ec2b.jpeg 2048w, https:\/\/szigeteloszakik.hu\/wp-content\/uploads\/2025\/10\/51ff53ed-e612-4c00-8781-6d08d9c7ec2b-300x135.jpeg 300w, https:\/\/szigeteloszakik.hu\/wp-content\/uploads\/2025\/10\/51ff53ed-e612-4c00-8781-6d08d9c7ec2b-1024x461.jpeg 1024w, https:\/\/szigeteloszakik.hu\/wp-content\/uploads\/2025\/10\/51ff53ed-e612-4c00-8781-6d08d9c7ec2b-768x345.jpeg 768w, https:\/\/szigeteloszakik.hu\/wp-content\/uploads\/2025\/10\/51ff53ed-e612-4c00-8781-6d08d9c7ec2b-1536x691.jpeg 1536w\" sizes=\"(max-width: 2048px) 100vw, 2048px\" \/>\t\t\t\t\t\t\t\t\t\t\t\t\t\t\t<\/div>\n\t\t\t\t<div class=\"elementor-element elementor-element-777a61a elementor-widget elementor-widget-heading\" data-id=\"777a61a\" data-element_type=\"widget\" data-widget_type=\"heading.default\">\n\t\t\t\t\t<h5 class=\"elementor-heading-title elementor-size-default\">Mi\u00e9rt \u00e9rdemes h\u0151kamer\u00e1s felm\u00e9r\u00e9st k\u00e9rni?<\/h5>\t\t\t\t<\/div>\n\t\t\t\t<div class=\"elementor-element elementor-element-aa5434e elementor-widget elementor-widget-heading\" data-id=\"aa5434e\" data-element_type=\"widget\" data-widget_type=\"heading.default\">\n\t\t\t\t\t<div class=\"elementor-heading-title elementor-size-default\">A Szigetel\u0151 Szakik az orsz\u00e1g teljes ter\u00fclet\u00e9n v\u00e1llalnak padl\u00e1s- \u00e9s tet\u0151t\u00e9rszigetel\u00e9st. Dolgoztunk m\u00e1r Budapesten, Gy\u0151rben, Szegeden, Debrecenben, P\u00e9csen, Ny\u00edregyh\u00e1z\u00e1n \u00e9s kisebb falvakban is \u2013 mindenhol ugyanazzal a min\u0151s\u00e9ggel \u00e9s garanci\u00e1val.<\/div>\t\t\t\t<\/div>\n\t\t<div class=\"elementor-element elementor-element-3e246fc e-grid e-con-full e-con e-child\" data-id=\"3e246fc\" data-element_type=\"container\">\n\t\t\t\t<div class=\"elementor-element elementor-element-9b82641 elementor-icon-list--layout-traditional elementor-list-item-link-full_width elementor-widget elementor-widget-icon-list\" data-id=\"9b82641\" data-element_type=\"widget\" data-widget_type=\"icon-list.default\">\n\t\t\t\t\t\t\t<ul class=\"elementor-icon-list-items\">\n\t\t\t\t\t\t\t<li class=\"elementor-icon-list-item\">\n\t\t\t\t\t\t\t\t\t\t\t<span class=\"elementor-icon-list-icon\">\n\t\t\t\t\t\t\t<svg aria-hidden=\"true\" class=\"e-font-icon-svg e-fas-info-circle\" viewBox=\"0 0 512 512\" xmlns=\"http:\/\/www.w3.org\/2000\/svg\"><path d=\"M256 8C119.043 8 8 119.083 8 256c0 136.997 111.043 248 248 248s248-111.003 248-248C504 119.083 392.957 8 256 8zm0 110c23.196 0 42 18.804 42 42s-18.804 42-42 42-42-18.804-42-42 18.804-42 42-42zm56 254c0 6.627-5.373 12-12 12h-88c-6.627 0-12-5.373-12-12v-24c0-6.627 5.373-12 12-12h12v-64h-12c-6.627 0-12-5.373-12-12v-24c0-6.627 5.373-12 12-12h64c6.627 0 12 5.373 12 12v100h12c6.627 0 12 5.373 12 12v24z\"><\/path><\/svg>\t\t\t\t\t\t<\/span>\n\t\t\t\t\t\t\t\t\t\t<span class=\"elementor-icon-list-text\">Mert pontos k\u00e9pet kap az ingatlan h\u0151vesztes\u00e9g\u00e9r\u0151l<\/span>\n\t\t\t\t\t\t\t\t\t<\/li>\n\t\t\t\t\t\t\t\t<li class=\"elementor-icon-list-item\">\n\t\t\t\t\t\t\t\t\t\t\t<span class=\"elementor-icon-list-icon\">\n\t\t\t\t\t\t\t<svg aria-hidden=\"true\" class=\"e-font-icon-svg e-fas-info-circle\" viewBox=\"0 0 512 512\" xmlns=\"http:\/\/www.w3.org\/2000\/svg\"><path d=\"M256 8C119.043 8 8 119.083 8 256c0 136.997 111.043 248 248 248s248-111.003 248-248C504 119.083 392.957 8 256 8zm0 110c23.196 0 42 18.804 42 42s-18.804 42-42 42-42-18.804-42-42 18.804-42 42-42zm56 254c0 6.627-5.373 12-12 12h-88c-6.627 0-12-5.373-12-12v-24c0-6.627 5.373-12 12-12h12v-64h-12c-6.627 0-12-5.373-12-12v-24c0-6.627 5.373-12 12-12h64c6.627 0 12 5.373 12 12v100h12c6.627 0 12 5.373 12 12v24z\"><\/path><\/svg>\t\t\t\t\t\t<\/span>\n\t\t\t\t\t\t\t\t\t\t<span class=\"elementor-icon-list-text\">Mert elker\u00fclheti a felesleges kiad\u00e1sokat<\/span>\n\t\t\t\t\t\t\t\t\t<\/li>\n\t\t\t\t\t\t<\/ul>\n\t\t\t\t\t\t<\/div>\n\t\t\t\t<div class=\"elementor-element elementor-element-6830ff9 elementor-icon-list--layout-traditional elementor-list-item-link-full_width elementor-widget elementor-widget-icon-list\" data-id=\"6830ff9\" data-element_type=\"widget\" data-widget_type=\"icon-list.default\">\n\t\t\t\t\t\t\t<ul class=\"elementor-icon-list-items\">\n\t\t\t\t\t\t\t<li class=\"elementor-icon-list-item\">\n\t\t\t\t\t\t\t\t\t\t\t<span class=\"elementor-icon-list-icon\">\n\t\t\t\t\t\t\t<svg aria-hidden=\"true\" class=\"e-font-icon-svg e-fas-info-circle\" viewBox=\"0 0 512 512\" xmlns=\"http:\/\/www.w3.org\/2000\/svg\"><path d=\"M256 8C119.043 8 8 119.083 8 256c0 136.997 111.043 248 248 248s248-111.003 248-248C504 119.083 392.957 8 256 8zm0 110c23.196 0 42 18.804 42 42s-18.804 42-42 42-42-18.804-42-42 18.804-42 42-42zm56 254c0 6.627-5.373 12-12 12h-88c-6.627 0-12-5.373-12-12v-24c0-6.627 5.373-12 12-12h12v-64h-12c-6.627 0-12-5.373-12-12v-24c0-6.627 5.373-12 12-12h64c6.627 0 12 5.373 12 12v100h12c6.627 0 12 5.373 12 12v24z\"><\/path><\/svg>\t\t\t\t\t\t<\/span>\n\t\t\t\t\t\t\t\t\t\t<span class=\"elementor-icon-list-text\">Mert seg\u00edt megtervezni a c\u00e9lzott szigetel\u00e9st<\/span>\n\t\t\t\t\t\t\t\t\t<\/li>\n\t\t\t\t\t\t\t\t<li class=\"elementor-icon-list-item\">\n\t\t\t\t\t\t\t\t\t\t\t<span class=\"elementor-icon-list-icon\">\n\t\t\t\t\t\t\t<svg aria-hidden=\"true\" class=\"e-font-icon-svg e-fas-info-circle\" viewBox=\"0 0 512 512\" xmlns=\"http:\/\/www.w3.org\/2000\/svg\"><path d=\"M256 8C119.043 8 8 119.083 8 256c0 136.997 111.043 248 248 248s248-111.003 248-248C504 119.083 392.957 8 256 8zm0 110c23.196 0 42 18.804 42 42s-18.804 42-42 42-42-18.804-42-42 18.804-42 42-42zm56 254c0 6.627-5.373 12-12 12h-88c-6.627 0-12-5.373-12-12v-24c0-6.627 5.373-12 12-12h12v-64h-12c-6.627 0-12-5.373-12-12v-24c0-6.627 5.373-12 12-12h64c6.627 0 12 5.373 12 12v100h12c6.627 0 12 5.373 12 12v24z\"><\/path><\/svg>\t\t\t\t\t\t<\/span>\n\t\t\t\t\t\t\t\t\t\t<span class=\"elementor-icon-list-text\">Mert m\u00e9r\u00e9ssel igazolt eredm\u00e9nyt kap a munka ut\u00e1n is<\/span>\n\t\t\t\t\t\t\t\t\t<\/li>\n\t\t\t\t\t\t<\/ul>\n\t\t\t\t\t\t<\/div>\n\t\t\t\t<\/div>\n\t\t\t\t<\/div>\n\t\t<div class=\"elementor-element elementor-element-033a32e e-flex e-con-boxed e-con e-parent\" data-id=\"033a32e\" data-element_type=\"container\" data-settings=\"{&quot;background_background&quot;:&quot;classic&quot;}\">\n\t\t\t\t\t<div class=\"e-con-inner\">\n\t\t<div class=\"elementor-element elementor-element-7189fcc e-con-full e-flex elementor-invisible e-con e-child\" data-id=\"7189fcc\" data-element_type=\"container\" data-settings=\"{&quot;background_background&quot;:&quot;classic&quot;,&quot;animation&quot;:&quot;fadeInUp&quot;}\">\n\t\t\t\t<div class=\"elementor-element elementor-element-d571494 elementor-button-align-start elementor-widget elementor-widget-form\" data-id=\"d571494\" data-element_type=\"widget\" data-settings=\"{&quot;step_next_label&quot;:&quot;Next&quot;,&quot;step_previous_label&quot;:&quot;Previous&quot;,&quot;button_width&quot;:&quot;100&quot;,&quot;step_type&quot;:&quot;number_text&quot;,&quot;step_icon_shape&quot;:&quot;circle&quot;}\" data-widget_type=\"form.default\">\n\t\t\t\t\t\t\t<form class=\"elementor-form\" method=\"post\" name=\"New Form\" aria-label=\"New Form\">\n\t\t\t<input type=\"hidden\" name=\"post_id\" value=\"136\"\/>\n\t\t\t<input type=\"hidden\" name=\"form_id\" value=\"d571494\"\/>\n\t\t\t<input type=\"hidden\" name=\"referer_title\" value=\"H\u0151kamer\u00e1s felm\u00e9r\u00e9s\" \/>\n\n\t\t\t\t\t\t\t<input type=\"hidden\" name=\"queried_id\" value=\"136\"\/>\n\t\t\t\n\t\t\t<div class=\"elementor-form-fields-wrapper elementor-labels-above\">\n\t\t\t\t\t\t\t\t<div class=\"elementor-field-type-text elementor-field-group elementor-column elementor-field-group-name elementor-col-50 elementor-field-required\">\n\t\t\t\t\t\t\t\t\t\t\t\t<label for=\"form-field-name\" class=\"elementor-field-label\">\n\t\t\t\t\t\t\t\tN\u00e9v\t\t\t\t\t\t\t<\/label>\n\t\t\t\t\t\t\t\t\t\t\t\t\t\t<input size=\"1\" type=\"text\" name=\"form_fields[name]\" id=\"form-field-name\" class=\"elementor-field elementor-size-sm  elementor-field-textual\" placeholder=\"N\u00e9v\" required=\"required\">\n\t\t\t\t\t\t\t\t\t\t\t<\/div>\n\t\t\t\t\t\t\t\t<div class=\"elementor-field-type-tel elementor-field-group elementor-column elementor-field-group-email elementor-col-50 elementor-field-required\">\n\t\t\t\t\t\t\t\t\t\t\t\t<label for=\"form-field-email\" class=\"elementor-field-label\">\n\t\t\t\t\t\t\t\tTelefonsz\u00e1m\t\t\t\t\t\t\t<\/label>\n\t\t\t\t\t\t\t\t<input size=\"1\" type=\"tel\" name=\"form_fields[email]\" id=\"form-field-email\" class=\"elementor-field elementor-size-sm  elementor-field-textual\" placeholder=\"Telefonsz\u00e1m\" required=\"required\" pattern=\"[0-9()#&amp;+*-=.]+\" title=\"Only numbers and phone characters (#, -, *, etc) are accepted.\">\n\n\t\t\t\t\t\t<\/div>\n\t\t\t\t\t\t\t\t<div class=\"elementor-field-type-select elementor-field-group elementor-column elementor-field-group-field_c6bb1a8 elementor-col-100 elementor-field-required\">\n\t\t\t\t\t\t\t\t\t\t\t\t<label for=\"form-field-field_c6bb1a8\" class=\"elementor-field-label\">\n\t\t\t\t\t\t\t\tMiben tudunk seg\u00edteni?\t\t\t\t\t\t\t<\/label>\n\t\t\t\t\t\t\t\t<div class=\"elementor-field elementor-select-wrapper remove-before \">\n\t\t\t<div class=\"select-caret-down-wrapper\">\n\t\t\t\t<svg aria-hidden=\"true\" class=\"e-font-icon-svg e-eicon-caret-down\" viewBox=\"0 0 571.4 571.4\" xmlns=\"http:\/\/www.w3.org\/2000\/svg\"><path d=\"M571 393Q571 407 561 418L311 668Q300 679 286 679T261 668L11 418Q0 407 0 393T11 368 36 357H536Q550 357 561 368T571 393Z\"><\/path><\/svg>\t\t\t<\/div>\n\t\t\t<select name=\"form_fields[field_c6bb1a8]\" id=\"form-field-field_c6bb1a8\" class=\"elementor-field-textual elementor-size-sm\" required=\"required\">\n\t\t\t\t\t\t\t\t\t<option value=\"Padl\u00e1sszigetel\u00e9s f\u00fajhat\u00f3 \u00fcveggyapottal\">Padl\u00e1sszigetel\u00e9s f\u00fajhat\u00f3 \u00fcveggyapottal<\/option>\n\t\t\t\t\t\t\t\t\t<option value=\"Tet\u0151t\u00e9r szigetel\u00e9s\">Tet\u0151t\u00e9r szigetel\u00e9s<\/option>\n\t\t\t\t\t\t\t\t\t<option value=\"R\u00e9gi szigetel\u00e9s cser\u00e9je\">R\u00e9gi szigetel\u00e9s cser\u00e9je<\/option>\n\t\t\t\t\t\t\t\t\t<option value=\"H\u0151kamer\u00e1s felm\u00e9r\u00e9s\">H\u0151kamer\u00e1s felm\u00e9r\u00e9s<\/option>\n\t\t\t\t\t\t\t<\/select>\n\t\t<\/div>\n\t\t\t\t\t\t<\/div>\n\t\t\t\t\t\t\t\t<div class=\"elementor-field-type-textarea elementor-field-group elementor-column elementor-field-group-message elementor-col-100\">\n\t\t\t\t\t\t\t\t\t\t\t\t<label for=\"form-field-message\" class=\"elementor-field-label\">\n\t\t\t\t\t\t\t\t\u00dczenet\t\t\t\t\t\t\t<\/label>\n\t\t\t\t\t\t<textarea class=\"elementor-field-textual elementor-field  elementor-size-sm\" name=\"form_fields[message]\" id=\"form-field-message\" rows=\"4\" placeholder=\"\u00dczenet\"><\/textarea>\t\t\t\t<\/div>\n\t\t\t\t\t\t\t\t<div class=\"elementor-field-group elementor-column elementor-field-type-submit elementor-col-100 e-form__buttons\">\n\t\t\t\t\t<button class=\"elementor-button elementor-size-sm\" type=\"submit\">\n\t\t\t\t\t\t<span class=\"elementor-button-content-wrapper\">\n\t\t\t\t\t\t\t\t\t\t\t\t\t\t\t\t\t\t\t\t\t\t<span class=\"elementor-button-text\">K\u00fcld\u00e9s<\/span>\n\t\t\t\t\t\t\t\t\t\t\t\t\t<\/span>\n\t\t\t\t\t<\/button>\n\t\t\t\t<\/div>\n\t\t\t<\/div>\n\t\t<\/form>\n\t\t\t\t\t\t<\/div>\n\t\t\t\t<\/div>\n\t\t<div class=\"elementor-element elementor-element-422f91c e-con-full e-flex elementor-invisible e-con e-child\" data-id=\"422f91c\" data-element_type=\"container\" data-settings=\"{&quot;animation&quot;:&quot;fadeInRight&quot;,&quot;animation_delay&quot;:200}\">\n\t\t\t\t<div class=\"elementor-element elementor-element-b9b5a65 elementor-widget elementor-widget-heading\" data-id=\"b9b5a65\" data-element_type=\"widget\" data-widget_type=\"heading.default\">\n\t\t\t\t\t<h2 class=\"elementor-heading-title elementor-size-default\">K\u00e9rjen aj\u00e1nlatot \u2013 szigetel\u00e9s gyorsan, tiszt\u00e1n, garanci\u00e1val!<\/h2>\t\t\t\t<\/div>\n\t\t\t\t<div class=\"elementor-element elementor-element-a464811 elementor-widget elementor-widget-heading\" data-id=\"a464811\" data-element_type=\"widget\" data-widget_type=\"heading.default\">\n\t\t\t\t\t<div class=\"elementor-heading-title elementor-size-default\">Ne v\u00e1rja meg a k\u00f6vetkez\u0151 f\u0171t\u00e9sszezont \u2013 sp\u00f3roljon most a padl\u00e1sszigetel\u00e9ssel! A Szigetel\u0151 Szakik csapata orsz\u00e1gszerte v\u00e1llal f\u00fajhat\u00f3 \u00fcveggyapot padl\u00e1sszigetel\u00e9st, tet\u0151t\u00e9r szigetel\u00e9st, r\u00e9gi szigetel\u00e9s cser\u00e9j\u00e9t \u00e9s h\u0151kamer\u00e1s felm\u00e9r\u00e9st.<\/div>\t\t\t\t<\/div>\n\t\t<div class=\"elementor-element elementor-element-d2e0832 e-con-full e-flex e-con e-child\" data-id=\"d2e0832\" data-element_type=\"container\">\n\t\t\t\t<div class=\"elementor-element elementor-element-653d982 elementor-tablet-align-justify elementor-widget elementor-widget-button\" data-id=\"653d982\" data-element_type=\"widget\" data-widget_type=\"button.default\">\n\t\t\t\t\t\t\t\t\t\t<a class=\"elementor-button elementor-button-link elementor-size-sm\" href=\"tel:+36301241548\">\n\t\t\t\t\t\t<span class=\"elementor-button-content-wrapper\">\n\t\t\t\t\t\t<span class=\"elementor-button-icon\">\n\t\t\t\t<i aria-hidden=\"true\" class=\"mdi mdi-chat-processing\"><\/i>\t\t\t<\/span>\n\t\t\t\t\t\t\t\t\t<span class=\"elementor-button-text\">Ingyenes \u00e1raj\u00e1nlat<\/span>\n\t\t\t\t\t<\/span>\n\t\t\t\t\t<\/a>\n\t\t\t\t\t\t\t\t<\/div>\n\t\t\t\t<\/div>\n\t\t\t\t<\/div>\n\t\t\t\t\t<\/div>\n\t\t\t\t<\/div>\n\t\t\t\t<\/div>\n\t\t","protected":false},"excerpt":{"rendered":"<p>H\u0151kamer\u00e1s felm\u00e9r\u00e9s Tudja meg, hol sz\u00f6kik el a meleg otthon\u00e1b\u00f3l! A h\u0151kamer\u00e1s vizsg\u00e1lat egy gyors, pontos \u00e9s megb\u00edzhat\u00f3 m\u00f3dszer arra, hogy felt\u00e1rjuk az \u00e9p\u00fclet h\u0151vesztes\u00e9gi pontjait. Ingyenes \u00e1raj\u00e1nlat\u00e9rt kattintson! H\u0151kamer\u00e1s felm\u00e9r\u00e9s \u2013 pontos diagn\u00f3zis a szigetel\u00e9s el\u0151tt Mi az a h\u0151kamer\u00e1s vizsg\u00e1lat? A h\u0151kamer\u00e1s vizsg\u00e1lat sor\u00e1n egy infrav\u00f6r\u00f6s kamer\u00e1val r\u00f6gz\u00edtj\u00fck az \u00e9p\u00fclet h\u0151m\u00e9rs\u00e9kleti k\u00e9peit.A k\u00fcl\u00f6nb\u00f6z\u0151 [&hellip;]<\/p>\n","protected":false},"author":1,"featured_media":0,"parent":0,"menu_order":0,"comment_status":"closed","ping_status":"closed","template":"elementor_header_footer","meta":{"footnotes":""},"class_list":["post-136","page","type-page","status-publish","hentry"],"_links":{"self":[{"href":"https:\/\/szigeteloszakik.hu\/index.php?rest_route=\/wp\/v2\/pages\/136","targetHints":{"allow":["GET"]}}],"collection":[{"href":"https:\/\/szigeteloszakik.hu\/index.php?rest_route=\/wp\/v2\/pages"}],"about":[{"href":"https:\/\/szigeteloszakik.hu\/index.php?rest_route=\/wp\/v2\/types\/page"}],"author":[{"embeddable":true,"href":"https:\/\/szigeteloszakik.hu\/index.php?rest_route=\/wp\/v2\/users\/1"}],"replies":[{"embeddable":true,"href":"https:\/\/szigeteloszakik.hu\/index.php?rest_route=%2Fwp%2Fv2%2Fcomments&post=136"}],"version-history":[{"count":4,"href":"https:\/\/szigeteloszakik.hu\/index.php?rest_route=\/wp\/v2\/pages\/136\/revisions"}],"predecessor-version":[{"id":263,"href":"https:\/\/szigeteloszakik.hu\/index.php?rest_route=\/wp\/v2\/pages\/136\/revisions\/263"}],"wp:attachment":[{"href":"https:\/\/szigeteloszakik.hu\/index.php?rest_route=%2Fwp%2Fv2%2Fmedia&parent=136"}],"curies":[{"name":"wp","href":"https:\/\/api.w.org\/{rel}","templated":true}]}}