{"id":130,"date":"2025-10-09T11:28:49","date_gmt":"2025-10-09T09:28:49","guid":{"rendered":"https:\/\/szigeteloszakik.hu\/?page_id=130"},"modified":"2025-10-09T12:24:50","modified_gmt":"2025-10-09T10:24:50","slug":"padlasszigeteles-fujhato-uveggyapottal","status":"publish","type":"page","link":"https:\/\/szigeteloszakik.hu\/?page_id=130","title":{"rendered":"Padl\u00e1sszigetel\u00e9s f\u00fajhat\u00f3 \u00fcveggyapottal"},"content":{"rendered":"\t\t<div data-elementor-type=\"wp-page\" data-elementor-id=\"130\" class=\"elementor elementor-130\" data-elementor-post-type=\"page\">\n\t\t\t\t<div class=\"elementor-element elementor-element-3394639c e-flex e-con-boxed e-con e-parent\" data-id=\"3394639c\" data-element_type=\"container\" data-settings=\"{&quot;background_background&quot;:&quot;classic&quot;}\">\n\t\t\t\t\t<div class=\"e-con-inner\">\n\t\t<div class=\"elementor-element elementor-element-79a9f0bc e-con-full e-flex e-con e-child\" data-id=\"79a9f0bc\" data-element_type=\"container\">\n\t\t\t\t<div class=\"elementor-element elementor-element-7371ed7b elementor-invisible elementor-widget elementor-widget-heading\" data-id=\"7371ed7b\" data-element_type=\"widget\" data-settings=\"{&quot;_animation&quot;:&quot;fadeInUp&quot;,&quot;_animation_delay&quot;:200}\" data-widget_type=\"heading.default\">\n\t\t\t\t\t<h2 class=\"elementor-heading-title elementor-size-default\">Padl\u00e1sszigetel\u00e9s f\u00fajhat\u00f3 \u00fcveggyapottal<\/h2>\t\t\t\t<\/div>\n\t\t\t\t<div class=\"elementor-element elementor-element-2153ddb6 elementor-invisible elementor-widget elementor-widget-heading\" data-id=\"2153ddb6\" data-element_type=\"widget\" data-settings=\"{&quot;_animation&quot;:&quot;fadeInUp&quot;,&quot;_animation_delay&quot;:200}\" data-widget_type=\"heading.default\">\n\t\t\t\t\t<div class=\"elementor-heading-title elementor-size-default\">Gyors, tiszta \u00e9s tart\u00f3s megold\u00e1s az energia-megtakar\u00edt\u00e1sra. A padl\u00e1sszigetel\u00e9s f\u00fajhat\u00f3 \u00fcveggyapottal a legkorszer\u0171bb \u00e9s leggyorsabb h\u0151szigetel\u00e9si technol\u00f3gi\u00e1k egyike.<\/div>\t\t\t\t<\/div>\n\t\t\t\t<\/div>\n\t\t\t\t\t<\/div>\n\t\t\t\t<\/div>\n\t\t<div class=\"elementor-element elementor-element-8e3b172 e-flex e-con-boxed e-con e-parent\" data-id=\"8e3b172\" data-element_type=\"container\">\n\t\t\t\t\t<div class=\"e-con-inner\">\n\t\t\t\t<div class=\"elementor-element elementor-element-bca028a elementor-tablet-align-justify elementor-button-warning elementor-align-center elementor-widget elementor-widget-button\" data-id=\"bca028a\" data-element_type=\"widget\" data-widget_type=\"button.default\">\n\t\t\t\t\t\t\t\t\t\t<a class=\"elementor-button elementor-button-link elementor-size-sm\" href=\"tel:+36301241548\">\n\t\t\t\t\t\t<span class=\"elementor-button-content-wrapper\">\n\t\t\t\t\t\t<span class=\"elementor-button-icon\">\n\t\t\t\t<i aria-hidden=\"true\" class=\"icon icon-phone1\"><\/i>\t\t\t<\/span>\n\t\t\t\t\t\t\t\t\t<span class=\"elementor-button-text\">Ingyenes \u00e1raj\u00e1nlat\u00e9rt kattintson!<\/span>\n\t\t\t\t\t<\/span>\n\t\t\t\t\t<\/a>\n\t\t\t\t\t\t\t\t<\/div>\n\t\t\t\t\t<\/div>\n\t\t\t\t<\/div>\n\t\t<div class=\"elementor-element elementor-element-c749c5c e-con-full e-flex e-con e-child\" data-id=\"c749c5c\" data-element_type=\"container\">\n\t\t\t\t<div class=\"elementor-element elementor-element-845dc75 elementor-widget elementor-widget-heading\" data-id=\"845dc75\" data-element_type=\"widget\" data-widget_type=\"heading.default\">\n\t\t\t\t\t<h4 class=\"elementor-heading-title elementor-size-default\">Padl\u00e1sszigetel\u00e9s f\u00fajhat\u00f3 \u00fcveggyapottal<\/h4>\t\t\t\t<\/div>\n\t\t\t\t<div class=\"elementor-element elementor-element-721f7c6 elementor-widget elementor-widget-heading\" data-id=\"721f7c6\" data-element_type=\"widget\" data-widget_type=\"heading.default\">\n\t\t\t\t\t<div class=\"elementor-heading-title elementor-size-default\">A padl\u00e1sszigetel\u00e9s f\u00fajhat\u00f3 \u00fcveggyapottal a legkorszer\u0171bb \u00e9s leggyorsabb h\u0151szigetel\u00e9si technol\u00f3gi\u00e1k egyike. A m\u00f3dszer l\u00e9nyege, hogy bont\u00e1s n\u00e9lk\u00fcl, speci\u00e1lis g\u00e9ppel juttatjuk a szigetel\u0151anyagot a f\u00f6d\u00e9mre, ahol az minden r\u00e9st \u00e9s h\u00e9zagot kit\u00f6lt, \u00edgy megsz\u00fcnteti a h\u0151hidakat \u00e9s egy folyamatos, homog\u00e9n h\u0151szigetel\u0151 r\u00e9teget k\u00e9pez. Ez az elj\u00e1r\u00e1s ide\u00e1lis csal\u00e1di h\u00e1zak, nyaral\u00f3k, ikerh\u00e1zak \u00e9s t\u00e1rsash\u00e1zi fels\u0151 szintek eset\u00e9n is. R\u00e1ad\u00e1sul nem kell kipakolni, takar\u00edtani vagy bontani \u2013 mi mindent elv\u00e9gz\u00fcnk gyorsan, pormentesen \u00e9s prec\u00edzen.<\/div>\t\t\t\t<\/div>\n\t\t\t\t<div class=\"elementor-element elementor-element-5c7b683 elementor-widget elementor-widget-image\" data-id=\"5c7b683\" data-element_type=\"widget\" data-widget_type=\"image.default\">\n\t\t\t\t\t\t\t\t\t\t\t\t\t\t\t<img fetchpriority=\"high\" decoding=\"async\" width=\"2048\" height=\"921\" src=\"https:\/\/szigeteloszakik.hu\/wp-content\/uploads\/2025\/10\/51ff53ed-e612-4c00-8781-6d08d9c7ec2b.jpeg\" class=\"attachment-full size-full wp-image-167\" alt=\"\" srcset=\"https:\/\/szigeteloszakik.hu\/wp-content\/uploads\/2025\/10\/51ff53ed-e612-4c00-8781-6d08d9c7ec2b.jpeg 2048w, https:\/\/szigeteloszakik.hu\/wp-content\/uploads\/2025\/10\/51ff53ed-e612-4c00-8781-6d08d9c7ec2b-300x135.jpeg 300w, https:\/\/szigeteloszakik.hu\/wp-content\/uploads\/2025\/10\/51ff53ed-e612-4c00-8781-6d08d9c7ec2b-1024x461.jpeg 1024w, https:\/\/szigeteloszakik.hu\/wp-content\/uploads\/2025\/10\/51ff53ed-e612-4c00-8781-6d08d9c7ec2b-768x345.jpeg 768w, https:\/\/szigeteloszakik.hu\/wp-content\/uploads\/2025\/10\/51ff53ed-e612-4c00-8781-6d08d9c7ec2b-1536x691.jpeg 1536w\" sizes=\"(max-width: 2048px) 100vw, 2048px\" \/>\t\t\t\t\t\t\t\t\t\t\t\t\t\t\t<\/div>\n\t\t\t\t<div class=\"elementor-element elementor-element-d8e80d6 elementor-widget elementor-widget-heading\" data-id=\"d8e80d6\" data-element_type=\"widget\" data-widget_type=\"heading.default\">\n\t\t\t\t\t<h5 class=\"elementor-heading-title elementor-size-default\">Milyen eredm\u00e9nyre sz\u00e1m\u00edthat?<\/h5>\t\t\t\t<\/div>\n\t\t\t\t<div class=\"elementor-element elementor-element-98fe8a3 elementor-widget elementor-widget-heading\" data-id=\"98fe8a3\" data-element_type=\"widget\" data-widget_type=\"heading.default\">\n\t\t\t\t\t<div class=\"elementor-heading-title elementor-size-default\">A Szigetel\u0151 Szakik az orsz\u00e1g teljes ter\u00fclet\u00e9n v\u00e1llalnak padl\u00e1s- \u00e9s tet\u0151t\u00e9rszigetel\u00e9st. Dolgoztunk m\u00e1r Budapesten, Gy\u0151rben, Szegeden, Debrecenben, P\u00e9csen, Ny\u00edregyh\u00e1z\u00e1n \u00e9s kisebb falvakban is \u2013 mindenhol ugyanazzal a min\u0151s\u00e9ggel \u00e9s garanci\u00e1val.<\/div>\t\t\t\t<\/div>\n\t\t<div class=\"elementor-element elementor-element-3f4c7ef e-grid e-con-full e-con e-child\" data-id=\"3f4c7ef\" data-element_type=\"container\">\n\t\t\t\t<div class=\"elementor-element elementor-element-939d986 elementor-icon-list--layout-traditional elementor-list-item-link-full_width elementor-widget elementor-widget-icon-list\" data-id=\"939d986\" data-element_type=\"widget\" data-widget_type=\"icon-list.default\">\n\t\t\t\t\t\t\t<ul class=\"elementor-icon-list-items\">\n\t\t\t\t\t\t\t<li class=\"elementor-icon-list-item\">\n\t\t\t\t\t\t\t\t\t\t\t<span class=\"elementor-icon-list-icon\">\n\t\t\t\t\t\t\t<svg aria-hidden=\"true\" class=\"e-font-icon-svg e-fas-info-circle\" viewBox=\"0 0 512 512\" xmlns=\"http:\/\/www.w3.org\/2000\/svg\"><path d=\"M256 8C119.043 8 8 119.083 8 256c0 136.997 111.043 248 248 248s248-111.003 248-248C504 119.083 392.957 8 256 8zm0 110c23.196 0 42 18.804 42 42s-18.804 42-42 42-42-18.804-42-42 18.804-42 42-42zm56 254c0 6.627-5.373 12-12 12h-88c-6.627 0-12-5.373-12-12v-24c0-6.627 5.373-12 12-12h12v-64h-12c-6.627 0-12-5.373-12-12v-24c0-6.627 5.373-12 12-12h64c6.627 0 12 5.373 12 12v100h12c6.627 0 12 5.373 12 12v24z\"><\/path><\/svg>\t\t\t\t\t\t<\/span>\n\t\t\t\t\t\t\t\t\t\t<span class=\"elementor-icon-list-text\">Ak\u00e1r 40% energia-megtakar\u00edt\u00e1s<\/span>\n\t\t\t\t\t\t\t\t\t<\/li>\n\t\t\t\t\t\t\t\t<li class=\"elementor-icon-list-item\">\n\t\t\t\t\t\t\t\t\t\t\t<span class=\"elementor-icon-list-icon\">\n\t\t\t\t\t\t\t<svg aria-hidden=\"true\" class=\"e-font-icon-svg e-fas-info-circle\" viewBox=\"0 0 512 512\" xmlns=\"http:\/\/www.w3.org\/2000\/svg\"><path d=\"M256 8C119.043 8 8 119.083 8 256c0 136.997 111.043 248 248 248s248-111.003 248-248C504 119.083 392.957 8 256 8zm0 110c23.196 0 42 18.804 42 42s-18.804 42-42 42-42-18.804-42-42 18.804-42 42-42zm56 254c0 6.627-5.373 12-12 12h-88c-6.627 0-12-5.373-12-12v-24c0-6.627 5.373-12 12-12h12v-64h-12c-6.627 0-12-5.373-12-12v-24c0-6.627 5.373-12 12-12h64c6.627 0 12 5.373 12 12v100h12c6.627 0 12 5.373 12 12v24z\"><\/path><\/svg>\t\t\t\t\t\t<\/span>\n\t\t\t\t\t\t\t\t\t\t<span class=\"elementor-icon-list-text\">Kiegyens\u00falyozottabb h\u0151m\u00e9rs\u00e9klet t\u00e9len \u00e9s ny\u00e1ron<\/span>\n\t\t\t\t\t\t\t\t\t<\/li>\n\t\t\t\t\t\t<\/ul>\n\t\t\t\t\t\t<\/div>\n\t\t\t\t<div class=\"elementor-element elementor-element-66cc539 elementor-icon-list--layout-traditional elementor-list-item-link-full_width elementor-widget elementor-widget-icon-list\" data-id=\"66cc539\" data-element_type=\"widget\" data-widget_type=\"icon-list.default\">\n\t\t\t\t\t\t\t<ul class=\"elementor-icon-list-items\">\n\t\t\t\t\t\t\t<li class=\"elementor-icon-list-item\">\n\t\t\t\t\t\t\t\t\t\t\t<span class=\"elementor-icon-list-icon\">\n\t\t\t\t\t\t\t<svg aria-hidden=\"true\" class=\"e-font-icon-svg e-fas-info-circle\" viewBox=\"0 0 512 512\" xmlns=\"http:\/\/www.w3.org\/2000\/svg\"><path d=\"M256 8C119.043 8 8 119.083 8 256c0 136.997 111.043 248 248 248s248-111.003 248-248C504 119.083 392.957 8 256 8zm0 110c23.196 0 42 18.804 42 42s-18.804 42-42 42-42-18.804-42-42 18.804-42 42-42zm56 254c0 6.627-5.373 12-12 12h-88c-6.627 0-12-5.373-12-12v-24c0-6.627 5.373-12 12-12h12v-64h-12c-6.627 0-12-5.373-12-12v-24c0-6.627 5.373-12 12-12h64c6.627 0 12 5.373 12 12v100h12c6.627 0 12 5.373 12 12v24z\"><\/path><\/svg>\t\t\t\t\t\t<\/span>\n\t\t\t\t\t\t\t\t\t\t<span class=\"elementor-icon-list-text\">Gyors megt\u00e9r\u00fcl\u00e9s \u2013 n\u00e9h\u00e1ny f\u0171t\u00e9si szezon alatt<\/span>\n\t\t\t\t\t\t\t\t\t<\/li>\n\t\t\t\t\t\t\t\t<li class=\"elementor-icon-list-item\">\n\t\t\t\t\t\t\t\t\t\t\t<span class=\"elementor-icon-list-icon\">\n\t\t\t\t\t\t\t<svg aria-hidden=\"true\" class=\"e-font-icon-svg e-fas-info-circle\" viewBox=\"0 0 512 512\" xmlns=\"http:\/\/www.w3.org\/2000\/svg\"><path d=\"M256 8C119.043 8 8 119.083 8 256c0 136.997 111.043 248 248 248s248-111.003 248-248C504 119.083 392.957 8 256 8zm0 110c23.196 0 42 18.804 42 42s-18.804 42-42 42-42-18.804-42-42 18.804-42 42-42zm56 254c0 6.627-5.373 12-12 12h-88c-6.627 0-12-5.373-12-12v-24c0-6.627 5.373-12 12-12h12v-64h-12c-6.627 0-12-5.373-12-12v-24c0-6.627 5.373-12 12-12h64c6.627 0 12 5.373 12 12v100h12c6.627 0 12 5.373 12 12v24z\"><\/path><\/svg>\t\t\t\t\t\t<\/span>\n\t\t\t\t\t\t\t\t\t\t<span class=\"elementor-icon-list-text\">Csendesebb, komfortosabb otthon<\/span>\n\t\t\t\t\t\t\t\t\t<\/li>\n\t\t\t\t\t\t<\/ul>\n\t\t\t\t\t\t<\/div>\n\t\t\t\t<\/div>\n\t\t\t\t<\/div>\n\t\t<div class=\"elementor-element elementor-element-962b40f e-flex e-con-boxed e-con e-parent\" data-id=\"962b40f\" data-element_type=\"container\" data-settings=\"{&quot;background_background&quot;:&quot;classic&quot;}\">\n\t\t\t\t\t<div class=\"e-con-inner\">\n\t\t<div class=\"elementor-element elementor-element-bd22a93 e-con-full e-flex elementor-invisible e-con e-child\" data-id=\"bd22a93\" data-element_type=\"container\" data-settings=\"{&quot;background_background&quot;:&quot;classic&quot;,&quot;animation&quot;:&quot;fadeInUp&quot;}\">\n\t\t\t\t<div class=\"elementor-element elementor-element-8c44ed4 elementor-button-align-start elementor-widget elementor-widget-form\" data-id=\"8c44ed4\" data-element_type=\"widget\" data-settings=\"{&quot;step_next_label&quot;:&quot;Next&quot;,&quot;step_previous_label&quot;:&quot;Previous&quot;,&quot;button_width&quot;:&quot;100&quot;,&quot;step_type&quot;:&quot;number_text&quot;,&quot;step_icon_shape&quot;:&quot;circle&quot;}\" data-widget_type=\"form.default\">\n\t\t\t\t\t\t\t<form class=\"elementor-form\" method=\"post\" name=\"New Form\" aria-label=\"New Form\">\n\t\t\t<input type=\"hidden\" name=\"post_id\" value=\"130\"\/>\n\t\t\t<input type=\"hidden\" name=\"form_id\" value=\"8c44ed4\"\/>\n\t\t\t<input type=\"hidden\" name=\"referer_title\" value=\"Padl\u00e1sszigetel\u00e9s f\u00fajhat\u00f3 \u00fcveggyapottal\" \/>\n\n\t\t\t\t\t\t\t<input type=\"hidden\" name=\"queried_id\" value=\"130\"\/>\n\t\t\t\n\t\t\t<div class=\"elementor-form-fields-wrapper elementor-labels-above\">\n\t\t\t\t\t\t\t\t<div class=\"elementor-field-type-text elementor-field-group elementor-column elementor-field-group-name elementor-col-50 elementor-field-required\">\n\t\t\t\t\t\t\t\t\t\t\t\t<label for=\"form-field-name\" class=\"elementor-field-label\">\n\t\t\t\t\t\t\t\tN\u00e9v\t\t\t\t\t\t\t<\/label>\n\t\t\t\t\t\t\t\t\t\t\t\t\t\t<input size=\"1\" type=\"text\" name=\"form_fields[name]\" id=\"form-field-name\" class=\"elementor-field elementor-size-sm  elementor-field-textual\" placeholder=\"N\u00e9v\" required=\"required\">\n\t\t\t\t\t\t\t\t\t\t\t<\/div>\n\t\t\t\t\t\t\t\t<div class=\"elementor-field-type-tel elementor-field-group elementor-column elementor-field-group-email elementor-col-50 elementor-field-required\">\n\t\t\t\t\t\t\t\t\t\t\t\t<label for=\"form-field-email\" class=\"elementor-field-label\">\n\t\t\t\t\t\t\t\tTelefonsz\u00e1m\t\t\t\t\t\t\t<\/label>\n\t\t\t\t\t\t\t\t<input size=\"1\" type=\"tel\" name=\"form_fields[email]\" id=\"form-field-email\" class=\"elementor-field elementor-size-sm  elementor-field-textual\" placeholder=\"Telefonsz\u00e1m\" required=\"required\" pattern=\"[0-9()#&amp;+*-=.]+\" title=\"Only numbers and phone characters (#, -, *, etc) are accepted.\">\n\n\t\t\t\t\t\t<\/div>\n\t\t\t\t\t\t\t\t<div class=\"elementor-field-type-select elementor-field-group elementor-column elementor-field-group-field_c6bb1a8 elementor-col-100 elementor-field-required\">\n\t\t\t\t\t\t\t\t\t\t\t\t<label for=\"form-field-field_c6bb1a8\" class=\"elementor-field-label\">\n\t\t\t\t\t\t\t\tMiben tudunk seg\u00edteni?\t\t\t\t\t\t\t<\/label>\n\t\t\t\t\t\t\t\t<div class=\"elementor-field elementor-select-wrapper remove-before \">\n\t\t\t<div class=\"select-caret-down-wrapper\">\n\t\t\t\t<svg aria-hidden=\"true\" class=\"e-font-icon-svg e-eicon-caret-down\" viewBox=\"0 0 571.4 571.4\" xmlns=\"http:\/\/www.w3.org\/2000\/svg\"><path d=\"M571 393Q571 407 561 418L311 668Q300 679 286 679T261 668L11 418Q0 407 0 393T11 368 36 357H536Q550 357 561 368T571 393Z\"><\/path><\/svg>\t\t\t<\/div>\n\t\t\t<select name=\"form_fields[field_c6bb1a8]\" id=\"form-field-field_c6bb1a8\" class=\"elementor-field-textual elementor-size-sm\" required=\"required\">\n\t\t\t\t\t\t\t\t\t<option value=\"Padl\u00e1sszigetel\u00e9s f\u00fajhat\u00f3 \u00fcveggyapottal\">Padl\u00e1sszigetel\u00e9s f\u00fajhat\u00f3 \u00fcveggyapottal<\/option>\n\t\t\t\t\t\t\t\t\t<option value=\"Tet\u0151t\u00e9r szigetel\u00e9s\">Tet\u0151t\u00e9r szigetel\u00e9s<\/option>\n\t\t\t\t\t\t\t\t\t<option value=\"R\u00e9gi szigetel\u00e9s cser\u00e9je\">R\u00e9gi szigetel\u00e9s cser\u00e9je<\/option>\n\t\t\t\t\t\t\t\t\t<option value=\"H\u0151kamer\u00e1s felm\u00e9r\u00e9s\">H\u0151kamer\u00e1s felm\u00e9r\u00e9s<\/option>\n\t\t\t\t\t\t\t<\/select>\n\t\t<\/div>\n\t\t\t\t\t\t<\/div>\n\t\t\t\t\t\t\t\t<div class=\"elementor-field-type-textarea elementor-field-group elementor-column elementor-field-group-message elementor-col-100\">\n\t\t\t\t\t\t\t\t\t\t\t\t<label for=\"form-field-message\" class=\"elementor-field-label\">\n\t\t\t\t\t\t\t\t\u00dczenet\t\t\t\t\t\t\t<\/label>\n\t\t\t\t\t\t<textarea class=\"elementor-field-textual elementor-field  elementor-size-sm\" name=\"form_fields[message]\" id=\"form-field-message\" rows=\"4\" placeholder=\"\u00dczenet\"><\/textarea>\t\t\t\t<\/div>\n\t\t\t\t\t\t\t\t<div class=\"elementor-field-group elementor-column elementor-field-type-submit elementor-col-100 e-form__buttons\">\n\t\t\t\t\t<button class=\"elementor-button elementor-size-sm\" type=\"submit\">\n\t\t\t\t\t\t<span class=\"elementor-button-content-wrapper\">\n\t\t\t\t\t\t\t\t\t\t\t\t\t\t\t\t\t\t\t\t\t\t<span class=\"elementor-button-text\">K\u00fcld\u00e9s<\/span>\n\t\t\t\t\t\t\t\t\t\t\t\t\t<\/span>\n\t\t\t\t\t<\/button>\n\t\t\t\t<\/div>\n\t\t\t<\/div>\n\t\t<\/form>\n\t\t\t\t\t\t<\/div>\n\t\t\t\t<\/div>\n\t\t<div class=\"elementor-element elementor-element-62932ca e-con-full e-flex elementor-invisible e-con e-child\" data-id=\"62932ca\" data-element_type=\"container\" data-settings=\"{&quot;animation&quot;:&quot;fadeInRight&quot;,&quot;animation_delay&quot;:200}\">\n\t\t\t\t<div class=\"elementor-element elementor-element-507297c elementor-widget elementor-widget-heading\" data-id=\"507297c\" data-element_type=\"widget\" data-widget_type=\"heading.default\">\n\t\t\t\t\t<h2 class=\"elementor-heading-title elementor-size-default\">K\u00e9rjen aj\u00e1nlatot \u2013 szigetel\u00e9s gyorsan, tiszt\u00e1n, garanci\u00e1val!<\/h2>\t\t\t\t<\/div>\n\t\t\t\t<div class=\"elementor-element elementor-element-0ed2c99 elementor-widget elementor-widget-heading\" data-id=\"0ed2c99\" data-element_type=\"widget\" data-widget_type=\"heading.default\">\n\t\t\t\t\t<div class=\"elementor-heading-title elementor-size-default\">Ne v\u00e1rja meg a k\u00f6vetkez\u0151 f\u0171t\u00e9sszezont \u2013 sp\u00f3roljon most a padl\u00e1sszigetel\u00e9ssel! A Szigetel\u0151 Szakik csapata orsz\u00e1gszerte v\u00e1llal f\u00fajhat\u00f3 \u00fcveggyapot padl\u00e1sszigetel\u00e9st, tet\u0151t\u00e9r szigetel\u00e9st, r\u00e9gi szigetel\u00e9s cser\u00e9j\u00e9t \u00e9s h\u0151kamer\u00e1s felm\u00e9r\u00e9st.<\/div>\t\t\t\t<\/div>\n\t\t<div class=\"elementor-element elementor-element-ab261fe e-con-full e-flex e-con e-child\" data-id=\"ab261fe\" data-element_type=\"container\">\n\t\t\t\t<div class=\"elementor-element elementor-element-0678594 elementor-tablet-align-justify elementor-widget elementor-widget-button\" data-id=\"0678594\" data-element_type=\"widget\" data-widget_type=\"button.default\">\n\t\t\t\t\t\t\t\t\t\t<a class=\"elementor-button elementor-button-link elementor-size-sm\" href=\"tel:+36301241548\">\n\t\t\t\t\t\t<span class=\"elementor-button-content-wrapper\">\n\t\t\t\t\t\t<span class=\"elementor-button-icon\">\n\t\t\t\t<i aria-hidden=\"true\" class=\"mdi mdi-chat-processing\"><\/i>\t\t\t<\/span>\n\t\t\t\t\t\t\t\t\t<span class=\"elementor-button-text\">Ingyenes \u00e1raj\u00e1nlat<\/span>\n\t\t\t\t\t<\/span>\n\t\t\t\t\t<\/a>\n\t\t\t\t\t\t\t\t<\/div>\n\t\t\t\t<\/div>\n\t\t\t\t<\/div>\n\t\t\t\t\t<\/div>\n\t\t\t\t<\/div>\n\t\t\t\t<\/div>\n\t\t","protected":false},"excerpt":{"rendered":"<p>Padl\u00e1sszigetel\u00e9s f\u00fajhat\u00f3 \u00fcveggyapottal Gyors, tiszta \u00e9s tart\u00f3s megold\u00e1s az energia-megtakar\u00edt\u00e1sra. A padl\u00e1sszigetel\u00e9s f\u00fajhat\u00f3 \u00fcveggyapottal a legkorszer\u0171bb \u00e9s leggyorsabb h\u0151szigetel\u00e9si technol\u00f3gi\u00e1k egyike. Ingyenes \u00e1raj\u00e1nlat\u00e9rt kattintson! Padl\u00e1sszigetel\u00e9s f\u00fajhat\u00f3 \u00fcveggyapottal A padl\u00e1sszigetel\u00e9s f\u00fajhat\u00f3 \u00fcveggyapottal a legkorszer\u0171bb \u00e9s leggyorsabb h\u0151szigetel\u00e9si technol\u00f3gi\u00e1k egyike. A m\u00f3dszer l\u00e9nyege, hogy bont\u00e1s n\u00e9lk\u00fcl, speci\u00e1lis g\u00e9ppel juttatjuk a szigetel\u0151anyagot a f\u00f6d\u00e9mre, ahol az minden r\u00e9st [&hellip;]<\/p>\n","protected":false},"author":1,"featured_media":0,"parent":0,"menu_order":0,"comment_status":"closed","ping_status":"closed","template":"elementor_header_footer","meta":{"footnotes":""},"class_list":["post-130","page","type-page","status-publish","hentry"],"_links":{"self":[{"href":"https:\/\/szigeteloszakik.hu\/index.php?rest_route=\/wp\/v2\/pages\/130","targetHints":{"allow":["GET"]}}],"collection":[{"href":"https:\/\/szigeteloszakik.hu\/index.php?rest_route=\/wp\/v2\/pages"}],"about":[{"href":"https:\/\/szigeteloszakik.hu\/index.php?rest_route=\/wp\/v2\/types\/page"}],"author":[{"embeddable":true,"href":"https:\/\/szigeteloszakik.hu\/index.php?rest_route=\/wp\/v2\/users\/1"}],"replies":[{"embeddable":true,"href":"https:\/\/szigeteloszakik.hu\/index.php?rest_route=%2Fwp%2Fv2%2Fcomments&post=130"}],"version-history":[{"count":22,"href":"https:\/\/szigeteloszakik.hu\/index.php?rest_route=\/wp\/v2\/pages\/130\/revisions"}],"predecessor-version":[{"id":260,"href":"https:\/\/szigeteloszakik.hu\/index.php?rest_route=\/wp\/v2\/pages\/130\/revisions\/260"}],"wp:attachment":[{"href":"https:\/\/szigeteloszakik.hu\/index.php?rest_route=%2Fwp%2Fv2%2Fmedia&parent=130"}],"curies":[{"name":"wp","href":"https:\/\/api.w.org\/{rel}","templated":true}]}}